{"id":66,"date":"2026-02-01T12:52:03","date_gmt":"2026-02-01T12:52:03","guid":{"rendered":"https:\/\/certiamb.com\/?page_id=66"},"modified":"2026-04-12T20:40:54","modified_gmt":"2026-04-12T19:40:54","slug":"consultoria-e-gestao","status":"publish","type":"page","link":"https:\/\/certiamb.com\/en\/consultoria-e-gestao\/","title":{"rendered":"Consulting and Management"},"content":{"rendered":"<p class=\"wp-block-paragraph\" style=\"font-size:clamp(14px, 0.875rem + ((1vw - 3.2px) * 0.6), 20px);\">We support public and private developers and property owners in project management and coordination.<\/p>\n\n\n\n<p class=\"wp-block-paragraph\" style=\"font-size:clamp(14px, 0.875rem + ((1vw - 3.2px) * 0.6), 20px);\">Our experienced and efficient team specializes in market studies, investment analysis, legal and regulatory compliance, and representation before a wide range of institutions.<\/p>\n\n\n\n<p class=\"wp-block-paragraph\" style=\"font-size:clamp(14px, 0.875rem + ((1vw - 3.2px) * 0.6), 20px);\">Key benefits:<\/p>\n\n\n\n<ul class=\"wp-block-list\">\n<li style=\"font-size:clamp(14px, 0.875rem + ((1vw - 3.2px) * 0.6), 20px);\">Reduction of regulatory risks<\/li>\n\n\n\n<li style=\"font-size:clamp(14px, 0.875rem + ((1vw - 3.2px) * 0.6), 20px);\">Optimization of schedules and costs\/resources<\/li>\n\n\n\n<li style=\"font-size:clamp(14px, 0.875rem + ((1vw - 3.2px) * 0.6), 20px);\">Advisory support in negotiations<\/li>\n\n\n\n<li style=\"font-size:clamp(14px, 0.875rem + ((1vw - 3.2px) * 0.6), 20px);\">Management of multidisciplinary teams<\/li>\n<\/ul>\n\n\n\n\n\n<ul class=\"wp-block-list\"><\/ul>\n\n\n\n\n\n\n\n<p class=\"wp-block-paragraph\"><\/p>","protected":false},"excerpt":{"rendered":"<p>Apoiamos promotores e propriet\u00e1rios, p\u00fablicos e privados, na gest\u00e3o e dire\u00e7\u00e3o de projetos e procedimentos. Dispomos de uma equipa experiente, eficiente e eficaz, no desenvolvimento de estudos de mercado, an\u00e1lise de investimento, conformidade regulat\u00f3ria (legal e regulamentar) e representa\u00e7\u00e3o junto das mais diversas entidades. Benef\u00edcios principais:<\/p>","protected":false},"author":191209143,"featured_media":230,"parent":0,"menu_order":0,"comment_status":"closed","ping_status":"closed","template":"","meta":{"_crdt_document":"{\"document\":\"AAAR6ZepnxC4AZ+lw\/8PkLCk8wipAQgqjgYCpgQDAASgLgEACAIBAgoClAPWAwEASgC2CQECCgJCAQBKAIIBAQIKAQBKEgIBAgoCQgBKAJABAQIKAkIASgCgAQECCgJCAEoAhgEBAgoCQgBKygSmBQECCgJCAQBKAIoBAQIKAQBKEgIBAgoCQgBKVKABAQIKAkIBAEoALAECCgEBSgAWAQIKAQBKyBRCpBQBAgoCpgToBAEASrIE8EwCpgQDAAQMkESiD\/BMAqYEAwAEwwEoAycABAAnAAQAhAUnACgEJwAoAicABwAhACgCJwEEAIEAKAInAIcAKAMnAQQAKAInAIcAKAMnACgCJwAHACgDJwEEACgBJwCHACgDJwEEACgBJwCHACgDJwEEACgBJwCHACgDJwEEACgBJwCHACgDJwEEACgCJwCHACgDJwAoAicABwAoAycBBAAoAScAhwAoAycBBAAoAicAhwAoAycAKAMnAIcAKAMnASgBJwAoAagAxwAoAycBBACEACgCJwDEBiGpIt0gc3RhdGV2ZXJzaW9uZG9jdW1lbnRkYXRlZG9jdW1lbnRzbHVnZG9jdW1lbnRzdGF0dXNkb2N1bWVudHRpdGxlQ29uc3VsdG9yaWEgZSBHZXN0w6NvZG9jdW1lbnRjb250ZW50PCEtLSB3cDpwYXJhZ3JhcGggeyJzdHlsZSI6eyJ0eXBvZ3JhcGh5Ijp7ImZvbnRTaXplIjoiMjBweCJ9fX0gLS0+CjxwIHN0eWxlPSJmb250LXNpemU6MjBweCI+QXBvaWFtb3MgcHJvbW90b3JlcyBlIHByb3ByaWV0w6FyaW9zLCBww7pibGljb3MgZSBwcml2YWRvcywgbmEgZ2VzdMOjbyBlIGRpcmXDp8OjbyBkZSBwcm9qZXRvcyBlIHByb2NlZGltZW50b3MuIERpc3BvbW9zIGRlIHVtYSBlcXVpcGEgZXhwZXJpZW50ZSwgZWZpY2llbnRlIGUgZWZpY2F6LCBubyBkZXNlbnZvbHZpbWVudG8gZGUgZXN0dWRvcyBkZSBtZXJjYWRvLCBhbsOhbGlzZSBkZSBpbnZlc3RpbWVudG8sIGNvbmZvcm1pZGFkZSByZWd1bGF0w7NyaWEgZSByZXByZXNlbnRhw6fDo28ganVudG8gZGFzIG1haXMgZGl2ZXJzYXMgZW50aWRhZGVzLjwvcD4KPCEtLSAvd3A6cGFyYWdyYXBoIC0tPgoKPCEtLSB3cDpwYXJhZ3JhcGggeyJzdHlsZSI6eyJ0eXBvZ3JhcGh5Ijp7ImZvbnRTaXplIjoiMjBweCJ9fX0gLS0+CjxwIHN0eWxlPSJmb250LXNpemU6MjBweCI+QmVuZWbDrWNpb3MgcHJpbmNpcGFpczo8L3A+CjwhLS0gL3dwOnBhcmFncmFwaCAtLT4KCjwhLS0gd3A6bGlzdCAtLT4KPHVsIGNsYXNzPSJ3cC1ibG9jay1saXN0Ij48IS0tIHdwOmxpc3QtaXRlbSB7InN0eWxlIjp7InR5cG9ncmFwaHkiOnsiZm9udFNpemUiOiIyMHB4In19fSAtLT4KPGxpIHN0eWxlPSJmb250LXNpemU6MjBweCI+UmVkdcOnw6NvIGRlIFJpc2NvcyBSZWd1bGF0w7NyaW9zPC9saT4KPCEtLSAvd3A6bGlzdC1pdGVtIC0tPgoKPCEtLSB3cDpsaXN0LWl0ZW0geyJzdHlsZSI6eyJ0eXBvZ3JhcGh5Ijp7ImZvbnRTaXplIjoiMjBweCJ9fX0gLS0+CjxsaSBzdHlsZT0iZm9udC1zaXplOjIwcHgiPk90aW1pemHDp8OjbyBkZSBQcmF6b3MgZSBDdXN0b3MvUmVjdXJzb3M8L2xpPgo8IS0tIC93cDpsaXN0LWl0ZW0gLS0+Cgo8IS0tIHdwOmxpc3QtaXRlbSB7InN0eWxlIjp7InR5cG9ncmFwaHkiOnsiZm9udFNpemUiOiIyMHB4In19fSAtLT4KPGxpIHN0eWxlPSJmb250LXNpemU6MjBweCI+QXNzZXNzb3JpYSBlbSBOZWdvY2lhw6fDtWVzPC9saT4KPCEtLSAvd3A6bGlzdC1pdGVtIC0tPgoKPCEtLSB3cDpsaXN0LWl0ZW0geyJzdHlsZSI6eyJ0eXBvZ3JhcGh5Ijp7ImZvbnRTaXplIjoiMjBweCJ9fX0gLS0+CjxsaSBzdHlsZT0iZm9udC1zaXplOjIwcHgiPkdlc3TDo28gZGUgRXF1aXBhcyBNdWx0aWRpc2NpcGxpbmFyZXM8L2xpPgo8IS0tIC93cDpsaXN0LWl0ZW0gLS0+PC91bD4KPCEtLSAvd3A6bGlzdCAtLT4KCjwhLS0gd3A6cGFyYWdyYXBoIHsibWV0YWRhdGEiOnsiYmxvY2tWaXNpYmlsaXR5IjpmYWxzZX19IC0tPgo8cD7Dgm1iaXRvIHTDqWNuaWNvIGRvIHNlcnZpw6dvOjwvcD4KPCEtLSAvd3A6cGFyYWdyYXBoIC0tPgoKPCEtLSB3cDpsaXN0IC0tPgo8dWwgY2xhc3M9IndwLWJsb2NrLWxpc3QiPjwhLS0gd3A6bGlzdC1pdGVtIHsibWV0YWRhdGEiOnsiYmxvY2tWaXNpYmlsaXR5IjpmYWxzZX19IC0tPgo8bGk+QWNvbXBhbmhhbWVudG8gZGUgb2JyYSAoRExPKTwvbGk+CjwhLS0gL3dwOmxpc3QtaXRlbSAtLT48L3VsPgo8IS0tIC93cDpsaXN0IC0tPgoKPCEtLSB3cDpwYXJhZ3JhcGggeyJtZXRhZGF0YSI6eyJibG9ja1Zpc2liaWxpdHkiOmZhbHNlfX0gLS0+CjxwPkVudGVnw6F2ZWlzOjwvcD4KPCEtLSAvd3A6cGFyYWdyYXBoIC0tPgoKPCEtLSB3cDpsaXN0IHsibWV0YWRhdGEiOnsiYmxvY2tWaXNpYmlsaXR5IjpmYWxzZX19IC0tPgo8dWwgY2xhc3M9IndwLWJsb2NrLWxpc3QiPjwvdWw+CjwhLS0gL3dwOmxpc3QgLS0+Cgo8IS0tIHdwOnBhcmFncmFwaCAtLT4KPHA+PC9wPgo8IS0tIC93cDpwYXJhZ3JhcGggLS0+ZG9jdW1lbnRleGNlcnB0ZG9jdW1lbnRhdXRob3Jkb2N1bWVudGZlYXR1cmVkX21lZGlhZG9jdW1lbnRjb21tZW50X3N0YXR1c2RvY3VtZW50cGluZ19zdGF0dXNkb2N1bWVudHRlbXBsYXRlZG9jdW1lbnRtZXRhamV0cGFja19wb3N0X3dhc19ldmVyX3B1Ymxpc2hlZGZvb3Rub3Rlc2JpZ19za3lfZ2VuZXJhdGVkZG9jdW1lbnRibG9ja3NjbGllbnRJZGlzVmFsaWRvcmlnaW5hbENvbnRlbnRuYW1lYXR0cmlidXRlc2NvbnRlbnRBcG9pYW1vcyBwcm9tb3RvcmVzIGUgcHJvcHJpZXTDoXJpb3MsIHDDumJsaWNvcyBlIHByaXZhZG9zLCBuYSBnZXN0w6NvIGUgZGlyZcOnw6NvIGRlIHByb2pldG9zIGUgcHJvY2VkaW1lbnRvcy5kcm9wQ2Fwc3R5bGVUcnBDb250ZW50UmVzdHJpY3Rpb25pbm5lckJsb2Nrc2NsaWVudElkaXNWYWxpZG9yaWdpbmFsQ29udGVudG5hbWVhdHRyaWJ1dGVzY29udGVudEJlbmVmw61jaW9zIHByaW5jaXBhaXM6ZHJvcENhcHN0eWxlVHJwQ29udGVudFJlc3RyaWN0aW9uaW5uZXJCbG9ja3NjbGllbnRJZGlzVmFsaWRvcmlnaW5hbENvbnRlbnRuYW1lYXR0cmlidXRlc29yZGVyZWR2YWx1ZXNUcnBDb250ZW50UmVzdHJpY3Rpb25pbm5lckJsb2Nrc2NsaWVudElkaXNWYWxpZG9yaWdpbmFsQ29udGVudG5hbWVhdHRyaWJ1dGVzY29udGVudFJlZHXDp8OjbyBkZSBSaXNjb3MgUmVndWxhdMOzcmlvc3N0eWxlVHJwQ29udGVudFJlc3RyaWN0aW9uaW5uZXJCbG9ja3NjbGllbnRJZGlzVmFsaWRvcmlnaW5hbENvbnRlbnRuYW1lYXR0cmlidXRlc2NvbnRlbnRPdGltaXphw6fDo28gZGUgUHJhem9zIGUgQ3VzdG9zL1JlY3Vyc29zc3R5bGVUcnBDb250ZW50UmVzdHJpY3Rpb25pbm5lckJsb2Nrc2NsaWVudElkaXNWYWxpZG9yaWdpbmFsQ29udGVudG5hbWVhdHRyaWJ1dGVzY29udGVudEFzc2Vzc29yaWEgZW0gTmVnb2NpYcOnw7Vlc3N0eWxlVHJwQ29udGVudFJlc3RyaWN0aW9uaW5uZXJCbG9ja3NjbGllbnRJZGlzVmFsaWRvcmlnaW5hbENvbnRlbnRuYW1lYXR0cmlidXRlc2NvbnRlbnRHZXN0w6NvIGRlIEVxdWlwYXMgTXVsdGlkaXNjaXBsaW5hcmVzc3R5bGVUcnBDb250ZW50UmVzdHJpY3Rpb25pbm5lckJsb2Nrc2NsaWVudElkaXNWYWxpZG9yaWdpbmFsQ29udGVudG5hbWVhdHRyaWJ1dGVzY29udGVudMOCbWJpdG8gdMOpY25pY28gZG8gc2VydmnDp286ZHJvcENhcG1ldGFkYXRhVHJwQ29udGVudFJlc3RyaWN0aW9uaW5uZXJCbG9ja3NjbGllbnRJZGlzVmFsaWRvcmlnaW5hbENvbnRlbnRuYW1lYXR0cmlidXRlc29yZGVyZWR2YWx1ZXNUcnBDb250ZW50UmVzdHJpY3Rpb25pbm5lckJsb2Nrc2NsaWVudElkaXNWYWxpZG9yaWdpbmFsQ29udGVudG5hbWVhdHRyaWJ1dGVzY29udGVudEFjb21wYW5oYW1lbnRvIGRlIG9icmEgKERMTyltZXRhZGF0YVRycENvbnRlbnRSZXN0cmljdGlvbmlubmVyQmxvY2tzY2xpZW50SWRpc1ZhbGlkb3JpZ2luYWxDb250ZW50bmFtZWF0dHJpYnV0ZXNjb250ZW50RW50ZWfDoXZlaXM6ZHJvcENhcG1ldGFkYXRhVHJwQ29udGVudFJlc3RyaWN0aW9uaW5uZXJCbG9ja3NjbGllbnRJZGlzVmFsaWRvcmlnaW5hbENvbnRlbnRuYW1lYXR0cmlidXRlc29yZGVyZWR2YWx1ZXNtZXRhZGF0YVRycENvbnRlbnRSZXN0cmljdGlvbmlubmVyQmxvY2tzY2xpZW50SWRpc1ZhbGlkb3JpZ2luYWxDb250ZW50bmFtZWF0dHJpYnV0ZXNjb250ZW50ZHJvcENhcFRycENvbnRlbnRSZXN0cmljdGlvbmlubmVyQmxvY2tzc3RhdGVzYXZlZEF0c3RhdGVzYXZlZEJ5Y2xpZW50SWRpc1ZhbGlkb3JpZ2luYWxDb250ZW50bmFtZWF0dHJpYnV0ZXNjb250ZW50RGlzcG9tb3MgZGUgdW1hIGVxdWlwYSBleHBlcmllbnRlLCBlZmljaWVudGUgZSBlZmljYXosIG5vIGRlc2Vudm9sdmltZW50byBkZSBlc3R1ZG9zIGRlIG1lcmNhZG8sIGFuw6FsaXNlIGRlIGludmVzdGltZW50bywgY29uZm9ybWlkYWRlIHJlZ3VsYXTDs3JpYSBlIHJlcHJlc2VudGHDp8OjbyBqdW50byBkYXMgbWFpcyBkaXZlcnNhcyBlbnRpZGFkZXMuZHJvcENhcHN0eWxlVHJwQ29udGVudFJlc3RyaWN0aW9uaW5uZXJCbG9ja3MobGVnYWwgZSByZWd1bGFtZW50YXIpIDwvcD4KPCEtLS93cDpwYXJhZ3JhcGggLS0+Cgo8IS0tIHdwOnBhcmFncmFwaCB7InN0eWxlIjp7InR5cG9ncmFwaHkiOnsiZm9udFNpemUiOiIyMHB4In19fSAtLT4KPHAgc3R5bGU9ImZvbnQtc2l6ZToyMHB4Ij4obGdhbGUgZ3VsYW1lbnRhcikgZSByZXN0YXRldmVyc2lvbnN0YXRldmVyc2lvbgUHCAQIBAgGCAUUCAeHAwGTAkEAAokXCAcIBggOCA4IC0gBBB8JEQgGCAcPBAoHqgEHBRULCAcPBAoHFgcFFQsIBw8ECgcGFQsIBw8ECgceBRULCAcPBAoHJgUVCwgHDwQKBxkFFQsIBw8ECgckBRULCAcPBAoHGgcIFQsIBw8ECgcGFQsIBw8ECgccCBULCAcPBAoHCwcIFQsIBw8ECgcGCBULCAcPBApHABULBQcFBwgHDwQKB5MCMgcFFQsXCbABAgMCEAUHBQcWAQQAAAEAAAABBgACAQAAhQEBAQAKATlCAQEAQQACAEEAAgBBAABBAAIAQQACAEEAAgBBAAIAQQACAEEAAEEAAgBBAAIAQQAAQQACAEEAAgAGQQ6GA0FcA8EBAH0BdxMyMDI2LTAyLTAxVDEyOjUyOjAzdxRjb25zdWx0b3JpYS1lLWdlc3Rhb3cHcHVibGlzaH23+qy2AX2mA3cGY2xvc2VkdwZjbG9zZWR3AHl3AHl4d9cCPHAgc3R5bGU9ImZvbnQtc2l6ZToyMHB4Ij5BcG9pYW1vcyBwcm9tb3RvcmVzIGUgcHJvcHJpZXTDoXJpb3MsIHDDumJsaWNvcyBlIHByaXZhZG9zLCBuYSBnZXN0w6NvIGUgZGlyZcOnw6NvIGRlIHByb2pldG9zIGUgcHJvY2VkaW1lbnRvcy4gRGlzcG9tb3MgZGUgdW1hIGVxdWlwYSBleHBlcmllbnRlLCBlZmljaWVudGUgZSBlZmljYXosIG5vIGRlc2Vudm9sdmltZW50byBkZSBlc3R1ZG9zIGRlIG1lcmNhZG8sIGFuw6FsaXNlIGRlIGludmVzdGltZW50bywgY29uZm9ybWlkYWRlIHJlZ3VsYXTDs3JpYSBlIHJlcHJlc2VudGHDp8OjbyBqdW50byBkYXMgbWFpcyBkaXZlcnNhcyBlbnRpZGFkZXMuPC9wPncOY29yZS9wYXJhZ3JhcGh5dgEKdHlwb2dyYXBoeXYBCGZvbnRTaXpldwQyMHB4dgMQcmVzdHJpY3Rpb25fdHlwZXcHZXhjbHVkZRJzZWxlY3RlZF9sYW5ndWFnZXN1AApwYW5lbF9vcGVueHckOGE4NTlkMjgtNTlhZC00NDVhLTk5YTAtZDVmNmVhYjAwYzc0eHc1PHAgc3R5bGU9ImZvbnQtc2l6ZToyMHB4Ij5CZW5lZsOtY2lvcyBwcmluY2lwYWlzOjwvcD53DmNvcmUvcGFyYWdyYXBoeXYBCnR5cG9ncmFwaHl2AQhmb250U2l6ZXcEMjBweHYDEHJlc3RyaWN0aW9uX3R5cGV3B2V4Y2x1ZGUSc2VsZWN0ZWRfbGFuZ3VhZ2VzdQAKcGFuZWxfb3Blbnh3JDVkYTc5ODZjLTM1NTItNDQ2Yi1iZTY4LTBjYmExY2M4M2NkOXh3JTx1bCBjbGFzcz0id3AtYmxvY2stbGlzdCI+CgoKCgoKPC91bD53CWNvcmUvbGlzdHl3AHYDEHJlc3RyaWN0aW9uX3R5cGV3B2V4Y2x1ZGUSc2VsZWN0ZWRfbGFuZ3VhZ2VzdQAKcGFuZWxfb3Blbnh3JDdlNjdkNTQ4LWJkMDctNGUzNS04YTkxLTYzZDY2ZjJhNjgzZXh3QTxsaSBzdHlsZT0iZm9udC1zaXplOjIwcHgiPlJlZHXDp8OjbyBkZSBSaXNjb3MgUmVndWxhdMOzcmlvczwvbGk+dw5jb3JlL2xpc3QtaXRlbXYBCnR5cG9ncmFwaHl2AQhmb250U2l6ZXcEMjBweHYDEHJlc3RyaWN0aW9uX3R5cGV3B2V4Y2x1ZGUSc2VsZWN0ZWRfbGFuZ3VhZ2VzdQAKcGFuZWxfb3Blbnh3JGIzNTk0YTNhLWUwOTItNDk1Yi05MTU5LTQ4ZDgxZDJmZTdjOHh3SDxsaSBzdHlsZT0iZm9udC1zaXplOjIwcHgiPk90aW1pemHDp8OjbyBkZSBQcmF6b3MgZSBDdXN0b3MvUmVjdXJzb3M8L2xpPncOY29yZS9saXN0LWl0ZW12AQp0eXBvZ3JhcGh5dgEIZm9udFNpemV3BDIwcHh2AxByZXN0cmljdGlvbl90eXBldwdleGNsdWRlEnNlbGVjdGVkX2xhbmd1YWdlc3UACnBhbmVsX29wZW54dyQzOGI4YjhlYi00NmZjLTRiMzMtYTY3NS0zNTkwOWI2NGFiNWF4dzs8bGkgc3R5bGU9ImZvbnQtc2l6ZToyMHB4Ij5Bc3Nlc3NvcmlhIGVtIE5lZ29jaWHDp8O1ZXM8L2xpPncOY29yZS9saXN0LWl0ZW12AQp0eXBvZ3JhcGh5dgEIZm9udFNpemV3BDIwcHh2AxByZXN0cmljdGlvbl90eXBldwdleGNsdWRlEnNlbGVjdGVkX2xhbmd1YWdlc3UACnBhbmVsX29wZW54dyQyMWM4NTU2MC1mZTlhLTQzYmQtOTI1Zi1lMGRkMGUxZDZmNTh4d0U8bGkgc3R5bGU9ImZvbnQtc2l6ZToyMHB4Ij5HZXN0w6NvIGRlIEVxdWlwYXMgTXVsdGlkaXNjaXBsaW5hcmVzPC9saT53DmNvcmUvbGlzdC1pdGVtdgEKdHlwb2dyYXBoeXYBCGZvbnRTaXpldwQyMHB4dgMQcmVzdHJpY3Rpb25fdHlwZXcHZXhjbHVkZRJzZWxlY3RlZF9sYW5ndWFnZXN1AApwYW5lbF9vcGVueHckYmUzNTJlNzUtZTM1OS00ZGM2LTk3ZWMtM2QxYjRiM2NlNWQ4eHckPHA+w4JtYml0byB0w6ljbmljbyBkbyBzZXJ2acOnbzo8L3A+dw5jb3JlL3BhcmFncmFwaHl2AQ9ibG9ja1Zpc2liaWxpdHl5dgMQcmVzdHJpY3Rpb25fdHlwZXcHZXhjbHVkZRJzZWxlY3RlZF9sYW5ndWFnZXN1AApwYW5lbF9vcGVueHckNGY2MGJlM2ItZTNhNy00MzdhLWI5MTItNWVkYzU1Y2EyOTVieHcfPHVsIGNsYXNzPSJ3cC1ibG9jay1saXN0Ij48L3VsPncJY29yZS9saXN0eXcAdgMQcmVzdHJpY3Rpb25fdHlwZXcHZXhjbHVkZRJzZWxlY3RlZF9sYW5ndWFnZXN1AApwYW5lbF9vcGVueHckN2I3NTU0YjAtNThlNy00ODU2LTg3ZjMtNTRmZTNiNDExYWQzeHclPGxpPkFjb21wYW5oYW1lbnRvIGRlIG9icmEgKERMTyk8L2xpPncOY29yZS9saXN0LWl0ZW12AQ9ibG9ja1Zpc2liaWxpdHl5dgMQcmVzdHJpY3Rpb25fdHlwZXcHZXhjbHVkZRJzZWxlY3RlZF9sYW5ndWFnZXN1AApwYW5lbF9vcGVueHckODNmYzcxN2MtNjAxYi00YTMwLTg2MzQtNGU5OTc3NzcxZTVheHcTPHA+RW50ZWfDoXZlaXM6PC9wPncOY29yZS9wYXJhZ3JhcGh5dgEPYmxvY2tWaXNpYmlsaXR5eXYDEHJlc3RyaWN0aW9uX3R5cGV3B2V4Y2x1ZGUSc2VsZWN0ZWRfbGFuZ3VhZ2VzdQAKcGFuZWxfb3Blbnh3JGJkOWMxZTcwLTQ0ZDctNGQxZS1iYTk1LTAzMTBkZGE0NGM5ZHh3Hzx1bCBjbGFzcz0id3AtYmxvY2stbGlzdCI+PC91bD53CWNvcmUvbGlzdHl3AHYBD2Jsb2NrVmlzaWJpbGl0eXl2AxByZXN0cmljdGlvbl90eXBldwdleGNsdWRlEnNlbGVjdGVkX2xhbmd1YWdlc3UACnBhbmVsX29wZW54dyQ4MGQ1YTQzZi1mOWM2LTRmZGQtYmM2Ni02MmJkNDJjMmE4MTJ4dwc8cD48L3A+dw5jb3JlL3BhcmFncmFwaHl2AxByZXN0cmljdGlvbl90eXBldwdleGNsdWRlEnNlbGVjdGVkX2xhbmd1YWdlc3UACnBhbmVsX29wZW54e0J500m3fDAAe0HgPqS9IAAAdyQ3ZGJiNmU3ZC1jY2Y2LTRlN2ItYWFiZi03NjM0NjNhYmRhNmR3JGRlNWRiOWRiLWZmZWYtNDNiMy1hM2IwLThiODJkZDZiZTZhNXh31wI8cCBzdHlsZT0iZm9udC1zaXplOjIwcHgiPkFwb2lhbW9zIHByb21vdG9yZXMgZSBwcm9wcmlldMOhcmlvcywgcMO6YmxpY29zIGUgcHJpdmFkb3MsIG5hIGdlc3TDo28gZSBkaXJlw6fDo28gZGUgcHJvamV0b3MgZSBwcm9jZWRpbWVudG9zLiBEaXNwb21vcyBkZSB1bWEgZXF1aXBhIGV4cGVyaWVudGUsIGVmaWNpZW50ZSBlIGVmaWNheiwgbm8gZGVzZW52b2x2aW1lbnRvIGRlIGVzdHVkb3MgZGUgbWVyY2FkbywgYW7DoWxpc2UgZGUgaW52ZXN0aW1lbnRvLCBjb25mb3JtaWRhZGUgcmVndWxhdMOzcmlhIGUgcmVwcmVzZW50YcOnw6NvIGp1bnRvIGRhcyBtYWlzIGRpdmVyc2FzIGVudGlkYWRlcy48L3A+dw5jb3JlL3BhcmFncmFwaHl2AQp0eXBvZ3JhcGh5dgEIZm9udFNpemV3BDIwcHh2AxByZXN0cmljdGlvbl90eXBldwdleGNsdWRlEnNlbGVjdGVkX2xhbmd1YWdlc3UACnBhbmVsX29wZW54AQABAAPpy9SPCALODgBvxQHf0uH\/BwEAAJCY0rkEAQAA\",\"updateId\":399510901}","footnotes":"","big_sky_generated":false},"class_list":["post-66","page","type-page","status-publish","has-post-thumbnail","hentry"],"jetpack_likes_enabled":true,"jetpack_sharing_enabled":true,"jetpack_shortlink":"https:\/\/wp.me\/Ph3riu-14","jetpack-related-posts":[],"_links":{"self":[{"href":"https:\/\/certiamb.com\/en\/wp-json\/wp\/v2\/pages\/66","targetHints":{"allow":["GET"]}}],"collection":[{"href":"https:\/\/certiamb.com\/en\/wp-json\/wp\/v2\/pages"}],"about":[{"href":"https:\/\/certiamb.com\/en\/wp-json\/wp\/v2\/types\/page"}],"author":[{"embeddable":true,"href":"https:\/\/certiamb.com\/en\/wp-json\/wp\/v2\/users\/191209143"}],"replies":[{"embeddable":true,"href":"https:\/\/certiamb.com\/en\/wp-json\/wp\/v2\/comments?post=66"}],"version-history":[{"count":11,"href":"https:\/\/certiamb.com\/en\/wp-json\/wp\/v2\/pages\/66\/revisions"}],"predecessor-version":[{"id":407,"href":"https:\/\/certiamb.com\/en\/wp-json\/wp\/v2\/pages\/66\/revisions\/407"}],"wp:featuredmedia":[{"embeddable":true,"href":"https:\/\/certiamb.com\/en\/wp-json\/wp\/v2\/media\/230"}],"wp:attachment":[{"href":"https:\/\/certiamb.com\/en\/wp-json\/wp\/v2\/media?parent=66"}],"curies":[{"name":"wp","href":"https:\/\/api.w.org\/{rel}","templated":true}]}}